{"id":587,"date":"2017-02-25T11:29:08","date_gmt":"2017-02-25T11:29:08","guid":{"rendered":"http:\/\/wordpress.schrattenbachflieger.de\/?page_id=587"},"modified":"2025-01-29T17:48:21","modified_gmt":"2025-01-29T17:48:21","slug":"gaeste","status":"publish","type":"page","link":"http:\/\/www.schrattenbachflieger.de\/?page_id=587","title":{"rendered":"Gastflugregelung &#8211; Nur f\u00fcr DHV Mitglieder!!!"},"content":{"rendered":"<div id=\"pl-587\"  class=\"panel-layout\" ><div id=\"pg-587-0\"  class=\"panel-grid panel-has-style\" ><div class=\"siteorigin-panels-stretch panel-row-style panel-row-style-for-587-0\" style=\"padding: 30px 0; \" data-stretch-type=\"full\" data-overlay=\"true\" data-overlay-color=\"#000000\" ><div id=\"pgc-587-0-0\"  class=\"panel-grid-cell\" ><div class=\"roll-promobox panel-cell-style panel-cell-style-for-587-0-0\" ><div id=\"panel-587-0-0-0\" class=\"so-panel widget widget_text panel-first-child\" data-index=\"0\" ><div style=\"text-align: left;\" data-title-color=\"#121212\" data-headings-color=\"#121212\" class=\"panel-widget-style panel-widget-style-for-587-0-0-0\" ><h3 class=\"widget-title\">Gastflugregelung: Es d\u00fcrfen nur DHV Mitglieder fliegen!!!<\/h3>\t\t\t<div class=\"textwidget\"><p>Was du wissen und beachten solltest:<\/p>\n<p>Wir sehen es als unsere Aufgabe an, den Flugsport f\u00fcr m\u00f6glichst viele Flieger im Einklang mit der Natur und angepasst an die \u00f6rtliche Infrastruktur sicher zu gestalten. Dies beinhaltet regelm\u00e4\u00dfige finanzielle Investitionen und viel pers\u00f6nliches Engagement der Vereinsmitglieder.<br \/>\nDa diese Ausgaben und T\u00e4tigkeiten nicht umsonst sind, verlangen wir einen Unkostenbeitrag.<br \/>\nSollte jemand damit nicht einverstanden sein, darf er gerne in ein anderes Fluggebiet weiterziehen.<br \/>\nWir sind Grundst\u00fcckseigent\u00fcmer und behalten uns das Hausrecht vor!<br \/>\nAlle anderen G\u00e4ste sind herzlich willkommen und wir freuen uns, dieses tolle Gebiet mit Euch teilen zu d\u00fcrfen.<\/p>\n<\/div>\n\t\t<\/div><\/div><div id=\"panel-587-0-0-1\" class=\"so-panel widget widget_text\" data-index=\"1\" ><div style=\"text-align: left;\" data-title-color=\"#121212\" data-headings-color=\"#121212\" class=\"panel-widget-style panel-widget-style-for-587-0-0-1\" >\t\t\t<div class=\"textwidget\"><p>1. Einweisung<br \/>\n2. Eintragen<br \/>\n3. Bezahlen<\/p>\n<p>Dann steht einem sch\u00f6nen Flug nichts mehr im Weg<\/p>\n<p>Allgemeine Regeln f\u00fcr den Flugbetrieb auf dem Gel\u00e4nde, der Schrattenbachflieger<\/p>\n<p>* das Befliegen des Gel\u00e4ndes ist nur mit  g\u00fcltiger  Tagesmitgliedschaft erlaubt<\/p>\n<p>* parken nur innerhalb des Parkplatzes ( siehe Skizze)<\/p>\n<p>* Gastpiloten d\u00fcrfen nur mit B-Schein und g\u00fcltiger Haftpflichtversicherung starten und best\u00e4tigen das durch Eintrag ins Flugbuch. Dieses ist in dem K\u00e4stchen, neben der Infotafel.<\/p>\n<p>* Pilotenname, Datum, Lizenznummer und Flugger\u00e4tetyp sind in das Flugbuch einzutragen.<\/p>\n<p>* die Tagesmitgliedschaft ist vor Betreten des Startplatzes zu erwerben. Jeder Gast ohne g\u00fcltige Tagesmitgliedschaft erh\u00e4lt sofortiges Flugverbot, bis zur Entrichtung einer Nachgeb\u00fchr von 20 \u20ac<\/p>\n<p>* Gastpiloten d\u00fcrfen nur in Anwesenheit mindestens eines Vereinsmitgliedes und nach einer Gel\u00e4nde und Gefahreneinweisung starten.<\/p>\n<p>* jeder Pilot hat wegen einer m\u00f6glichen Baumlandung eine Rettungsschnur mitzuf\u00fchren.<\/p>\n<p>* laut unserer Satzung, d\u00fcrfen nur zugelasse Flugger\u00e4te, sowie Gurtzeuge mit Protektor geflogen<br \/>\n werden. <\/p>\n<p>* bei Flugbetrieb ist Groundhandling und st\u00e4ndiges Einlanden und Startvorg\u00e4nge zu unterlassen! Es handelt sich um einen Startplatz.<\/p>\n<p>* eine Gastmitgliedschaft gilt nur auf Zeit und kann bei Regelverstoss unmittelbar entzogen werden. Ein Startverbot behalten wir uns vor! Das Gleiche gilt bei Fliegen ohne Tagesmitgliedschaft.<\/p>\n<p>* bitte bereits im Aufbaubereich startklar machen und fertig eingeh\u00e4ngt zum Startplatz gegen.<\/p>\n<p>* Als Hauptlandeplatz dient der Startplatz ( Toplandeplatz). Sollte es aus Wind oder Sicherheitsgr\u00fcnden dort nicht zum Landen sein, wird am Hangfuss, am Waldrand gelandet <\/p>\n<p>* an Feiertagen und am Wochenende ist das Gebiet auf maximal 5 G\u00e4ste begrenzt<\/p>\n<\/div>\n\t\t<\/div><\/div><div id=\"panel-587-0-0-2\" class=\"so-panel widget widget_text panel-last-child\" data-index=\"2\" ><div class=\"title panel-widget-style panel-widget-style-for-587-0-0-2\" style=\"text-align: center;\" data-title-color=\"#443f3f\" data-headings-color=\"#443f3f\" >\t\t\t<div class=\"textwidget\"><p>Von allen G\u00e4sten erheben wir als Unterst\u00fctzung eine Tagesmitgliedschaft von 10\u20ac.<br \/>\nF\u00fcr G\u00e4ste unter 18 Jahren (Ausweis) erheben wir eine\u00a0Tagesmitgliedschaft von 5,-\u20ac<\/p>\n<\/div>\n\t\t<\/div><\/div><\/div><\/div><\/div><\/div><div id=\"pg-587-1\"  class=\"panel-grid panel-has-style\" ><div style=\"padding: 0px 0; \" data-overlay=\"true\" data-overlay-color=\"#000000\" class=\"panel-row-style panel-row-style-for-587-1\" ><div id=\"pgc-587-1-0\"  class=\"panel-grid-cell\" ><div id=\"panel-587-1-0-0\" class=\"so-panel widget widget_media_image panel-first-child panel-last-child\" data-index=\"3\" ><div style=\"text-align: left;\" data-title-color=\"#443f3f\" data-headings-color=\"#443f3f\" class=\"panel-widget-style panel-widget-style-for-587-1-0-0\" ><img width=\"1024\" height=\"151\" src=\"http:\/\/www.schrattenbachflieger.de\/wp-content\/uploads\/2022\/01\/A3558A3C-BCB3-4815-A0CC-54CFB513E237-1024x151.jpeg\" class=\"image wp-image-1533  attachment-large size-large\" alt=\"\" loading=\"lazy\" style=\"max-width: 100%; height: auto;\" title=\"Gastflugregelung\" srcset=\"http:\/\/www.schrattenbachflieger.de\/wp-content\/uploads\/2022\/01\/A3558A3C-BCB3-4815-A0CC-54CFB513E237-1024x151.jpeg 1024w, http:\/\/www.schrattenbachflieger.de\/wp-content\/uploads\/2022\/01\/A3558A3C-BCB3-4815-A0CC-54CFB513E237-300x44.jpeg 300w, http:\/\/www.schrattenbachflieger.de\/wp-content\/uploads\/2022\/01\/A3558A3C-BCB3-4815-A0CC-54CFB513E237-768x113.jpeg 768w, http:\/\/www.schrattenbachflieger.de\/wp-content\/uploads\/2022\/01\/A3558A3C-BCB3-4815-A0CC-54CFB513E237-1536x226.jpeg 1536w, http:\/\/www.schrattenbachflieger.de\/wp-content\/uploads\/2022\/01\/A3558A3C-BCB3-4815-A0CC-54CFB513E237-830x122.jpeg 830w, http:\/\/www.schrattenbachflieger.de\/wp-content\/uploads\/2022\/01\/A3558A3C-BCB3-4815-A0CC-54CFB513E237-230x34.jpeg 230w, http:\/\/www.schrattenbachflieger.de\/wp-content\/uploads\/2022\/01\/A3558A3C-BCB3-4815-A0CC-54CFB513E237-350x51.jpeg 350w, http:\/\/www.schrattenbachflieger.de\/wp-content\/uploads\/2022\/01\/A3558A3C-BCB3-4815-A0CC-54CFB513E237-480x71.jpeg 480w, http:\/\/www.schrattenbachflieger.de\/wp-content\/uploads\/2022\/01\/A3558A3C-BCB3-4815-A0CC-54CFB513E237.jpeg 1992w\" sizes=\"(max-width: 1024px) 100vw, 1024px\" \/><\/div><\/div><\/div><\/div><\/div><div id=\"pg-587-2\"  class=\"panel-grid panel-has-style\" ><div style=\"padding: 100px 0; \" data-overlay=\"true\" data-overlay-color=\"#000000\" class=\"panel-row-style panel-row-style-for-587-2\" ><div id=\"pgc-587-2-0\"  class=\"panel-grid-cell\" ><div id=\"panel-587-2-0-0\" class=\"so-panel widget widget_media_image panel-first-child\" data-index=\"4\" ><div style=\"text-align: left;\" data-title-color=\"#443f3f\" data-headings-color=\"#443f3f\" class=\"panel-widget-style panel-widget-style-for-587-2-0-0\" ><h3 class=\"widget-title\">Parkverbotszonen, bitte einhalten<\/h3><img width=\"362\" height=\"382\" src=\"http:\/\/www.schrattenbachflieger.de\/wp-content\/uploads\/2017\/04\/Schrattenbachflieger_Parken_Map.jpg\" class=\"image wp-image-1110  attachment-full size-full\" alt=\"\" loading=\"lazy\" style=\"max-width: 100%; height: auto;\" title=\"Parkverbotszonen, bitte einhalten\" srcset=\"http:\/\/www.schrattenbachflieger.de\/wp-content\/uploads\/2017\/04\/Schrattenbachflieger_Parken_Map.jpg 362w, http:\/\/www.schrattenbachflieger.de\/wp-content\/uploads\/2017\/04\/Schrattenbachflieger_Parken_Map-284x300.jpg 284w, http:\/\/www.schrattenbachflieger.de\/wp-content\/uploads\/2017\/04\/Schrattenbachflieger_Parken_Map-230x243.jpg 230w, http:\/\/www.schrattenbachflieger.de\/wp-content\/uploads\/2017\/04\/Schrattenbachflieger_Parken_Map-350x369.jpg 350w\" sizes=\"(max-width: 362px) 100vw, 362px\" \/><\/div><\/div><div id=\"panel-587-2-0-1\" class=\"so-panel widget widget_media_image\" data-index=\"5\" ><div style=\"text-align: left;\" data-title-color=\"#443f3f\" data-headings-color=\"#443f3f\" class=\"panel-widget-style panel-widget-style-for-587-2-0-1\" ><h3 class=\"widget-title\">So sollte man parken&#8230;<\/h3><img width=\"362\" height=\"382\" src=\"http:\/\/www.schrattenbachflieger.de\/wp-content\/uploads\/2017\/03\/Schrattenbachflieger_Parken-1.gif\" class=\"image wp-image-1071  attachment-full size-full\" alt=\"\" loading=\"lazy\" style=\"max-width: 100%; height: auto;\" \/><\/div><\/div><div id=\"panel-587-2-0-2\" class=\"so-panel widget widget_media_image\" data-index=\"6\" ><div style=\"text-align: left;\" data-title-color=\"#443f3f\" data-headings-color=\"#443f3f\" class=\"panel-widget-style panel-widget-style-for-587-2-0-2\" ><h3 class=\"widget-title\">Parken, Auf- und Abbau, Starten, Landen<\/h3><img width=\"1024\" height=\"768\" src=\"http:\/\/www.schrattenbachflieger.de\/wp-content\/uploads\/2020\/05\/Gel\u00e4ndeskizze-1024x768.jpg\" class=\"image wp-image-1289  attachment-large size-large\" alt=\"\" loading=\"lazy\" style=\"max-width: 100%; height: auto;\" srcset=\"http:\/\/www.schrattenbachflieger.de\/wp-content\/uploads\/2020\/05\/Gel\u00e4ndeskizze-1024x768.jpg 1024w, http:\/\/www.schrattenbachflieger.de\/wp-content\/uploads\/2020\/05\/Gel\u00e4ndeskizze-300x225.jpg 300w, http:\/\/www.schrattenbachflieger.de\/wp-content\/uploads\/2020\/05\/Gel\u00e4ndeskizze-768x576.jpg 768w, http:\/\/www.schrattenbachflieger.de\/wp-content\/uploads\/2020\/05\/Gel\u00e4ndeskizze-1536x1151.jpg 1536w, http:\/\/www.schrattenbachflieger.de\/wp-content\/uploads\/2020\/05\/Gel\u00e4ndeskizze-2048x1535.jpg 2048w, http:\/\/www.schrattenbachflieger.de\/wp-content\/uploads\/2020\/05\/Gel\u00e4ndeskizze-830x622.jpg 830w, http:\/\/www.schrattenbachflieger.de\/wp-content\/uploads\/2020\/05\/Gel\u00e4ndeskizze-230x172.jpg 230w, http:\/\/www.schrattenbachflieger.de\/wp-content\/uploads\/2020\/05\/Gel\u00e4ndeskizze-350x262.jpg 350w, http:\/\/www.schrattenbachflieger.de\/wp-content\/uploads\/2020\/05\/Gel\u00e4ndeskizze-480x360.jpg 480w\" sizes=\"(max-width: 1024px) 100vw, 1024px\" \/><\/div><\/div><div id=\"panel-587-2-0-3\" class=\"so-panel widget widget_media_image\" data-index=\"7\" ><div style=\"text-align: left;\" data-title-color=\"#443f3f\" data-headings-color=\"#443f3f\" class=\"panel-widget-style panel-widget-style-for-587-2-0-3\" ><h3 class=\"widget-title\">G\u00e4steflugbuch im silbernen K\u00e4stchen<\/h3><img width=\"768\" height=\"1024\" src=\"http:\/\/www.schrattenbachflieger.de\/wp-content\/uploads\/2022\/04\/20220423_113358-768x1024.jpg\" class=\"image wp-image-1742  attachment-large size-large\" alt=\"\" loading=\"lazy\" style=\"max-width: 100%; height: auto;\" srcset=\"http:\/\/www.schrattenbachflieger.de\/wp-content\/uploads\/2022\/04\/20220423_113358-768x1024.jpg 768w, http:\/\/www.schrattenbachflieger.de\/wp-content\/uploads\/2022\/04\/20220423_113358-225x300.jpg 225w, http:\/\/www.schrattenbachflieger.de\/wp-content\/uploads\/2022\/04\/20220423_113358-1152x1536.jpg 1152w, http:\/\/www.schrattenbachflieger.de\/wp-content\/uploads\/2022\/04\/20220423_113358-1536x2048.jpg 1536w, http:\/\/www.schrattenbachflieger.de\/wp-content\/uploads\/2022\/04\/20220423_113358-830x1107.jpg 830w, http:\/\/www.schrattenbachflieger.de\/wp-content\/uploads\/2022\/04\/20220423_113358-230x307.jpg 230w, http:\/\/www.schrattenbachflieger.de\/wp-content\/uploads\/2022\/04\/20220423_113358-350x467.jpg 350w, http:\/\/www.schrattenbachflieger.de\/wp-content\/uploads\/2022\/04\/20220423_113358-480x640.jpg 480w, http:\/\/www.schrattenbachflieger.de\/wp-content\/uploads\/2022\/04\/20220423_113358-scaled.jpg 1920w\" sizes=\"(max-width: 768px) 100vw, 768px\" \/><\/div><\/div><div id=\"panel-587-2-0-4\" class=\"so-panel widget widget_media_image\" data-index=\"8\" ><div style=\"text-align: left;\" data-title-color=\"#443f3f\" data-headings-color=\"#443f3f\" class=\"panel-widget-style panel-widget-style-for-587-2-0-4\" ><h3 class=\"widget-title\">G\u00e4steflugbuch, vor dem Start auszuf\u00fcllen<\/h3><img width=\"2560\" height=\"1920\" src=\"http:\/\/www.schrattenbachflieger.de\/wp-content\/uploads\/2021\/12\/8183013C-4A19-4C3B-A0B3-F19E94A7CBA6-scaled.jpeg\" class=\"image wp-image-1474  attachment-full size-full\" alt=\"\" loading=\"lazy\" style=\"max-width: 100%; height: auto;\" srcset=\"http:\/\/www.schrattenbachflieger.de\/wp-content\/uploads\/2021\/12\/8183013C-4A19-4C3B-A0B3-F19E94A7CBA6-scaled.jpeg 2560w, http:\/\/www.schrattenbachflieger.de\/wp-content\/uploads\/2021\/12\/8183013C-4A19-4C3B-A0B3-F19E94A7CBA6-300x225.jpeg 300w, http:\/\/www.schrattenbachflieger.de\/wp-content\/uploads\/2021\/12\/8183013C-4A19-4C3B-A0B3-F19E94A7CBA6-1024x768.jpeg 1024w, http:\/\/www.schrattenbachflieger.de\/wp-content\/uploads\/2021\/12\/8183013C-4A19-4C3B-A0B3-F19E94A7CBA6-768x576.jpeg 768w, http:\/\/www.schrattenbachflieger.de\/wp-content\/uploads\/2021\/12\/8183013C-4A19-4C3B-A0B3-F19E94A7CBA6-1536x1152.jpeg 1536w, http:\/\/www.schrattenbachflieger.de\/wp-content\/uploads\/2021\/12\/8183013C-4A19-4C3B-A0B3-F19E94A7CBA6-2048x1536.jpeg 2048w, http:\/\/www.schrattenbachflieger.de\/wp-content\/uploads\/2021\/12\/8183013C-4A19-4C3B-A0B3-F19E94A7CBA6-830x623.jpeg 830w, http:\/\/www.schrattenbachflieger.de\/wp-content\/uploads\/2021\/12\/8183013C-4A19-4C3B-A0B3-F19E94A7CBA6-230x173.jpeg 230w, http:\/\/www.schrattenbachflieger.de\/wp-content\/uploads\/2021\/12\/8183013C-4A19-4C3B-A0B3-F19E94A7CBA6-350x263.jpeg 350w, http:\/\/www.schrattenbachflieger.de\/wp-content\/uploads\/2021\/12\/8183013C-4A19-4C3B-A0B3-F19E94A7CBA6-480x360.jpeg 480w\" sizes=\"(max-width: 2560px) 100vw, 2560px\" \/><\/div><\/div><\/div><\/div><\/div><\/div>","protected":false},"excerpt":{"rendered":"<p>Was du wissen und beachten solltest: Wir sehen es als unsere Aufgabe an, den Flugsport f\u00fcr m\u00f6glichst viele Flieger im Einklang mit der Natur und angepasst an die \u00f6rtliche Infrastruktur sicher zu gestalten. Dies beinhaltet [&hellip;]<\/p>\n","protected":false},"author":1,"featured_media":0,"parent":0,"menu_order":0,"comment_status":"closed","ping_status":"closed","template":"page-templates\/page_front-page.php","meta":[],"_links":{"self":[{"href":"http:\/\/www.schrattenbachflieger.de\/index.php?rest_route=\/wp\/v2\/pages\/587"}],"collection":[{"href":"http:\/\/www.schrattenbachflieger.de\/index.php?rest_route=\/wp\/v2\/pages"}],"about":[{"href":"http:\/\/www.schrattenbachflieger.de\/index.php?rest_route=\/wp\/v2\/types\/page"}],"author":[{"embeddable":true,"href":"http:\/\/www.schrattenbachflieger.de\/index.php?rest_route=\/wp\/v2\/users\/1"}],"replies":[{"embeddable":true,"href":"http:\/\/www.schrattenbachflieger.de\/index.php?rest_route=%2Fwp%2Fv2%2Fcomments&post=587"}],"version-history":[{"count":84,"href":"http:\/\/www.schrattenbachflieger.de\/index.php?rest_route=\/wp\/v2\/pages\/587\/revisions"}],"predecessor-version":[{"id":2574,"href":"http:\/\/www.schrattenbachflieger.de\/index.php?rest_route=\/wp\/v2\/pages\/587\/revisions\/2574"}],"wp:attachment":[{"href":"http:\/\/www.schrattenbachflieger.de\/index.php?rest_route=%2Fwp%2Fv2%2Fmedia&parent=587"}],"curies":[{"name":"wp","href":"https:\/\/api.w.org\/{rel}","templated":true}]}}