{"id":706,"date":"2017-03-08T20:09:22","date_gmt":"2017-03-08T20:09:22","guid":{"rendered":"http:\/\/wordpress.schrattenbachflieger.de\/?page_id=706"},"modified":"2017-04-04T21:17:58","modified_gmt":"2017-04-04T21:17:58","slug":"disclaimer","status":"publish","type":"page","link":"http:\/\/www.schrattenbachflieger.de\/?page_id=706","title":{"rendered":"Disclaimer"},"content":{"rendered":"<div id=\"pl-706\"  class=\"panel-layout\" ><div id=\"pg-706-0\"  class=\"panel-grid panel-has-style\" ><div style=\"padding: 100px 0; \" data-overlay=\"true\" class=\"panel-row-style panel-row-style-for-706-0\" ><div id=\"pgc-706-0-0\"  class=\"panel-grid-cell\" ><div id=\"panel-706-0-0-0\" class=\"so-panel widget widget_text panel-first-child panel-last-child\" data-index=\"0\" ><div style=\"text-align: left;\" data-title-color=\"#121212\" data-headings-color=\"#121212\" class=\"panel-widget-style panel-widget-style-for-706-0-0-0\" ><h3 class=\"widget-title\">Disclaimer<\/h3>\t\t\t<div class=\"textwidget\"><h4>Haftungsbeschr\u00e4nkung<\/h4>\n<br>\nDie Webseite wurde mit gr\u00f6\u00dftm\u00f6glicher Sorgfalt erstellt. Der Anbieter dieser Webseite \u00fcbernimmt dennoch keine Gew\u00e4hr f\u00fcr die Richtigkeit, Vollst\u00e4ndigkeit und Aktualit\u00e4t der bereitgestellten Inhalte und Informationen. Die Nutzung der Webseiteninhalte erfolgt auf eigene Gefahr. Allein durch die Nutzung der Website kommt keinerlei Vertragsverh\u00e4ltnis zwischen dem Nutzer und dem Anbieter zustande.\n<br>\n<br>\n<br>\n<h4>Verlinkungen<\/h4>\nDie Webseite enth\u00e4lt Verlinkungen zu anderen Webseiten (\"externe Links\"). Diese Webseiten unterliegen der Haftung der jeweiligen Seitenbetreiber. Bei Verkn\u00fcpfung der externen Links waren keine Rechtsverst\u00f6\u00dfe ersichtlich. Auf die aktuelle und k\u00fcnftige Gestaltung der verlinkten Seiten hat der Anbieter keinen Einfluss. Die permanente \u00dcberpr\u00fcfung der externen Links ist f\u00fcr den Anbieter ohne konkrete Hinweise auf Rechtsverst\u00f6\u00dfe nicht zumutbar. Bei Bekanntwerden von Rechtsverst\u00f6\u00dfen werden die betroffenen externen Links unverz\u00fcglich gel\u00f6scht.\n<br>\n<br>\n<br>\n<h4>Urheberrecht\/ Leistungsschutzrecht<\/h4>\n<br>\nDie auf dieser Webseite durch den Anbieter ver\u00f6ffentlichten Inhalte unterliegen dem deutschen Urheberrecht und Leistungsschutzrecht. Alle vom deutschen Urheber- und Leistungsschutzrecht nicht zugelassene Verwertung bedarf der vorherigen schriftlichen Zustimmung des Anbieters oder jeweiligen Rechteinhabers. Dies gilt vor allem f\u00fcr Vervielf\u00e4ltigung, Bearbeitung, \u00dcbersetzung, Einspeicherung, Verarbeitung bzw. Wiedergabe von Inhalten in Datenbanken oder anderen elektronischen Medien und Systemen. Dabei sind Inhalte und Rechte Dritter als solche gekennzeichnet. Das unerlaubte Kopieren der Webseiteninhalte oder der kompletten Webseite ist nicht gestattet und strafbar. Lediglich die Herstellung von Kopien und Downloads f\u00fcr den pers\u00f6nlichen, privaten und nicht kommerziellen Gebrauch ist erlaubt.\n<br>\nDiese Website darf ohne schriftliche Erlaubnis nicht durch Dritte in Frames oder iFrames dargestellt werden.\n<br>\n<br>\n<br>\n<h4>Datenschutz<\/h4>\n<br>\nMit dem Besuch dieser Webseite k\u00f6nnen Informationen \u00fcber den Zugriff gespeichert werden. Diese Daten wie Uhrzeit, Datum und die betrachtete Seite geh\u00f6ren nicht zu den personenbezogenen Daten, sondern sind anonymisiert. Dies werden nur aus statistischen Zwecken erfasst. Eine Weitergabe an Dritte, zu kommerziellen oder nichtkommerziellen Zwecken, erfolgt nicht.Der Anbieter weist ausdr\u00fccklich darauf hin, dass die Daten\u00fcbertragung im Internet (z.B. bei der Kommunikation per E-Mail) Sicherheitsl\u00fccken aufweisen und nicht l\u00fcckenlos vor dem Zugriff durch Dritte gesch\u00fctzt werden kann.Die Verwendung der Kontaktdaten des Impressums zur gewerblichen Werbung wird ausdr\u00fccklich widersprochen, es sei denn der Anbieter hatte zuvor seine schriftliche Einwilligung erteilt. Der Anbieter und alle auf dieser Website genannten Personen widersprechen hiermit jeder kommerziellen Verwendung und Weitergabe ihrer Daten.\n<br>\n<br>\nQuellverweis: <a href=\"http:\/\/www.fachanwalt.de\/\" title=\"Webseite Fachanwalt.de \u00f6ffnen\" target=\"_blank\" rel=\"noopener\">www.fachanwalt.de <i class=\"fa fa-external-link\" aria-hidden=\"true\"><\/i><\/a><\/div>\n\t\t<\/div><\/div><\/div><\/div><\/div><\/div>","protected":false},"excerpt":{"rendered":"<p>Haftungsbeschr\u00e4nkung Die Webseite wurde mit gr\u00f6\u00dftm\u00f6glicher Sorgfalt erstellt. Der Anbieter dieser Webseite \u00fcbernimmt dennoch keine Gew\u00e4hr f\u00fcr die Richtigkeit, Vollst\u00e4ndigkeit und Aktualit\u00e4t der bereitgestellten Inhalte und Informationen. Die Nutzung der Webseiteninhalte erfolgt auf eigene Gefahr. [&hellip;]<\/p>\n","protected":false},"author":1,"featured_media":0,"parent":0,"menu_order":0,"comment_status":"closed","ping_status":"closed","template":"page-templates\/page_front-page.php","meta":[],"_links":{"self":[{"href":"http:\/\/www.schrattenbachflieger.de\/index.php?rest_route=\/wp\/v2\/pages\/706"}],"collection":[{"href":"http:\/\/www.schrattenbachflieger.de\/index.php?rest_route=\/wp\/v2\/pages"}],"about":[{"href":"http:\/\/www.schrattenbachflieger.de\/index.php?rest_route=\/wp\/v2\/types\/page"}],"author":[{"embeddable":true,"href":"http:\/\/www.schrattenbachflieger.de\/index.php?rest_route=\/wp\/v2\/users\/1"}],"replies":[{"embeddable":true,"href":"http:\/\/www.schrattenbachflieger.de\/index.php?rest_route=%2Fwp%2Fv2%2Fcomments&post=706"}],"version-history":[{"count":6,"href":"http:\/\/www.schrattenbachflieger.de\/index.php?rest_route=\/wp\/v2\/pages\/706\/revisions"}],"predecessor-version":[{"id":1151,"href":"http:\/\/www.schrattenbachflieger.de\/index.php?rest_route=\/wp\/v2\/pages\/706\/revisions\/1151"}],"wp:attachment":[{"href":"http:\/\/www.schrattenbachflieger.de\/index.php?rest_route=%2Fwp%2Fv2%2Fmedia&parent=706"}],"curies":[{"name":"wp","href":"https:\/\/api.w.org\/{rel}","templated":true}]}}