{"id":745,"date":"2017-03-11T12:46:50","date_gmt":"2017-03-11T12:46:50","guid":{"rendered":"http:\/\/wordpress.schrattenbachflieger.de\/?page_id=745"},"modified":"2017-04-10T07:02:47","modified_gmt":"2017-04-10T07:02:47","slug":"wetter","status":"publish","type":"page","link":"http:\/\/www.schrattenbachflieger.de\/?page_id=745","title":{"rendered":"Wetter"},"content":{"rendered":"<div id=\"pl-745\"  class=\"panel-layout\" ><div id=\"pg-745-0\"  class=\"panel-grid panel-has-style\" ><div style=\"padding: 0px 0; \" data-overlay=\"true\" data-overlay-color=\"#000000\" class=\"panel-row-style panel-row-style-for-745-0\" ><div id=\"pgc-745-0-0\"  class=\"panel-grid-cell\" ><div id=\"panel-745-0-0-0\" class=\"so-panel widget widget_text panel-first-child panel-last-child\" data-index=\"0\" ><div style=\"text-align: left;\" data-title-color=\"#121212\" data-headings-color=\"#121212\" class=\"panel-widget-style panel-widget-style-for-745-0-0-0\" ><h3 class=\"widget-title\">Wetter<\/h3>\t\t\t<div class=\"textwidget\">Hier findest du wichtige Links zu den f\u00fcr unser Fluggel\u00e4nde wichtigen Wetterinformationen. \n<br>\nAlle angezeigten Angaben stammen von externen Quellen, f\u00fcr die wir als Verein keine Gew\u00e4hr \u00fcbernehmen k\u00f6nnen.\nWenn du zus\u00e4tzliche interessante Quellen vorschlagen m\u00f6chtest sende uns einfach eine E-Mail an <a href=\"mailto:info@schrattenbachflieger.de\" title=\"E-Mail schreiben\">info@schrattenbachflieger.de<\/a>. Wir werden das dann pr\u00fcfen.\n<br>\n<br>\n<br>\n<h4>Aktuelle Messwerte und Wetterprognose<\/h4>\n<br>\n<br>\n<img style=\"max-width:100%;\" src=\"http:\/\/wetterstationen.meteomedia.de\/messnetz\/vorhersagegrafik\/109450.png?ver=1490292607\" alt=\"Vorhersagediagramm Leutkirch-Herlazhofen\">\n<br>\n<br>\n<img style=\"max-width:100%;\" src=\"http:\/\/wetterstationen.meteomedia.de\/messnetz\/vorhersagegrafik\/109500.png?ver=1489234207\" alt=\"Vorhersagediagramm Bad W\u00f6rishofen\">\n<br>\n<br>\n<iframe src=\"https:\/\/embed.windytv.com\/embed2.html?lat=47.849&lon=10.485&zoom=5&level=surface&overlay=wind&menu=&message=true&marker=true&forecast=12&calendar=in&location=coordinates&type=map&actualGrid=&metricWind=kt&metricTemp=%C2%B0C\" frameborder=\"0\"><\/iframe>\n<br>\n<br>\n<br>\n<span class=\"meta-information\"><i class=\"fa  fa-cloud\"><\/i>  Eingebettete Wetterdienste: <a href=\"https:\/\/www.windytv.com\" title=\"windytv.com aufrufen\" target=\"_blank\" rel=\"noopener\">www.windytv.com <i class=\"fa fa-external-link\" aria-hidden=\"true\"><\/i><\/a>, <a href=\"http:\/\/wetterstationen.meteomedia.de\/\" title=\"wetterstationen.meteomedia.de aufrufen\" target=\"_blank\" rel=\"noopener\">wetterstationen.meteomedia.de <i class=\"fa fa-external-link\" aria-hidden=\"true\"><\/i><\/a><\/div>\n\t\t<\/div><\/div><\/div><\/div><\/div><div id=\"pg-745-1\"  class=\"panel-grid panel-has-style\" ><div style=\"padding: 80px 0; \" data-overlay=\"true\" data-overlay-color=\"#000000\" class=\"panel-row-style panel-row-style-for-745-1\" ><div id=\"pgc-745-1-0\"  class=\"panel-grid-cell\" ><div id=\"panel-745-1-0-0\" class=\"so-panel widget widget_text panel-first-child panel-last-child\" data-index=\"1\" ><div style=\"text-align: left;\" data-title-color=\"#121212\" data-headings-color=\"#121212\" class=\"panel-widget-style panel-widget-style-for-745-1-0-0\" >\t\t\t<div class=\"textwidget\"><h4>Weitere n\u00fctzliche Wetterseiten<\/h4>\nF\u00fcr weitere Informationen zu den Wetterverh\u00e4ltnissen empfehlen wir folgende Seiten:\n<br>\n<br>\n<a class=\"roll-button button-link\" href=\"https:\/\/www.dhv.de\/web\/wetter\/\" title=\"DHV.de aufrufen\" target=\"_blank\" rel=\"noopener\"><i class=\"fa fa-cloud\" aria-hidden=\"true\"><\/i> Deutscher H\u00e4ngegleiterverband<\/a>\n<a class=\"roll-button button-link\" href=\"http:\/\/www.dwd.de\/DE\/fachnutzer\/luftfahrt\/teaser\/gafor\/node_81\" title=\"DWD.de aufrufen\" target=\"_blank\" rel=\"noopener\"><i class=\"fa fa-cloud\" aria-hidden=\"true\"><\/i> Deutscher Wetterdienst<\/a>\n<a class=\"roll-button button-link\" href=\"http:\/\/www.wetteronline.de\/?pcid=pc_city_weather&gid=x0406&locationname=Dietmannsried&lat=47.84&lon=10.303&sublocationname=Schrattenbach\" title=\"WetterOnline.de aufrufen\" target=\"_blank\" rel=\"noopener\"><i class=\"fa fa-cloud\" aria-hidden=\"true\"><\/i> Wetter Online<\/a>\n<a class=\"roll-button button-link\" href=\"https:\/\/www.windfinder.com\/forecast\/haldenwang?utm_campaign=homepageweather&utm_medium=web&utm_term=wordpress.schrattenbachflieger.de&utm_content=title&utm_source=forecast\" title=\"Windfinder.com aufrufen\" target=\"_blank\" rel=\"noopener\"><i class=\"fa fa-cloud\" aria-hidden=\"true\"><\/i> Windfinder<\/a>\n<br>\n<a class=\"roll-button button-link\" href=\"http:\/\/www.fliegen-ist.de\/html\/gleitschirm_webcams.htm\" title=\"Webcams Allg\u00e4u\" target=\"_blank\" rel=\"noopener\"><i class=\"fa fa-file-text-o\" aria-hidden=\"true\"><\/i> Webcams Allg\u00e4u<\/a>\n<a class=\"roll-button button-link\" href=\"http:\/\/www.fliegen-ist.de\/html\/berichte_2006\/wettercheck_rieden_forggensee.htm\" title=\"Wettercheck Allg\u00e4u\" target=\"_blank\" rel=\"noopener\"><i class=\"fa fa-file-text-o\" aria-hidden=\"true\"><\/i> Wettercheck Allg\u00e4u<\/a>\n<\/div>\n\t\t<\/div><\/div><\/div><\/div><\/div><\/div>","protected":false},"excerpt":{"rendered":"<p>Hier findest du wichtige Links zu den f\u00fcr unser Fluggel\u00e4nde wichtigen Wetterinformationen. Alle angezeigten Angaben stammen von externen Quellen, f\u00fcr die wir als Verein keine Gew\u00e4hr \u00fcbernehmen k\u00f6nnen. Wenn du zus\u00e4tzliche interessante Quellen vorschlagen m\u00f6chtest [&hellip;]<\/p>\n","protected":false},"author":1,"featured_media":0,"parent":0,"menu_order":0,"comment_status":"closed","ping_status":"closed","template":"page-templates\/page_front-page.php","meta":[],"_links":{"self":[{"href":"http:\/\/www.schrattenbachflieger.de\/index.php?rest_route=\/wp\/v2\/pages\/745"}],"collection":[{"href":"http:\/\/www.schrattenbachflieger.de\/index.php?rest_route=\/wp\/v2\/pages"}],"about":[{"href":"http:\/\/www.schrattenbachflieger.de\/index.php?rest_route=\/wp\/v2\/types\/page"}],"author":[{"embeddable":true,"href":"http:\/\/www.schrattenbachflieger.de\/index.php?rest_route=\/wp\/v2\/users\/1"}],"replies":[{"embeddable":true,"href":"http:\/\/www.schrattenbachflieger.de\/index.php?rest_route=%2Fwp%2Fv2%2Fcomments&post=745"}],"version-history":[{"count":80,"href":"http:\/\/www.schrattenbachflieger.de\/index.php?rest_route=\/wp\/v2\/pages\/745\/revisions"}],"predecessor-version":[{"id":855,"href":"http:\/\/www.schrattenbachflieger.de\/index.php?rest_route=\/wp\/v2\/pages\/745\/revisions\/855"}],"wp:attachment":[{"href":"http:\/\/www.schrattenbachflieger.de\/index.php?rest_route=%2Fwp%2Fv2%2Fmedia&parent=745"}],"curies":[{"name":"wp","href":"https:\/\/api.w.org\/{rel}","templated":true}]}}