{"id":927,"date":"2017-03-20T20:12:46","date_gmt":"2017-03-20T20:12:46","guid":{"rendered":"http:\/\/wordpress.schrattenbachflieger.de\/?page_id=927"},"modified":"2017-04-04T20:22:07","modified_gmt":"2017-04-04T20:22:07","slug":"anfahrt","status":"publish","type":"page","link":"http:\/\/www.schrattenbachflieger.de\/?page_id=927","title":{"rendered":"Anfahrt"},"content":{"rendered":"<div id=\"pl-927\"  class=\"panel-layout\" ><div id=\"pg-927-0\"  class=\"panel-grid panel-has-style\" ><div style=\"padding: 0px 0; \" data-overlay=\"true\" data-overlay-color=\"#000000\" class=\"panel-row-style panel-row-style-for-927-0\" ><div id=\"pgc-927-0-0\"  class=\"panel-grid-cell\" ><div id=\"panel-927-0-0-0\" class=\"so-panel widget widget_text panel-first-child panel-last-child\" data-index=\"0\" ><div style=\"text-align: left;\" data-title-color=\"#121212\" data-headings-color=\"#121212\" class=\"panel-widget-style panel-widget-style-for-927-0-0-0\" ><h3 class=\"widget-title\">Anfahrt<\/h3>\t\t\t<div class=\"textwidget\"><\/div>\n\t\t<\/div><\/div><\/div><\/div><\/div><div id=\"pg-927-1\"  class=\"panel-grid panel-has-style\" ><div style=\"padding: 0px 0; \" data-overlay=\"true\" data-overlay-color=\"#000000\" class=\"panel-row-style panel-row-style-for-927-1\" ><div id=\"pgc-927-1-0\"  class=\"panel-grid-cell\" ><div id=\"panel-927-1-0-0\" class=\"so-panel widget widget_text panel-first-child panel-last-child\" data-index=\"1\" ><div style=\"text-align: left;\" data-title-color=\"#121212\" data-headings-color=\"#121212\" class=\"panel-widget-style panel-widget-style-for-927-1-0-0\" >\t\t\t<div class=\"textwidget\"><iframe src=\"https:\/\/www.google.com\/maps\/embed?pb=!1m21!1m12!1m3!1d3160.6959192546324!2d10.296540003097178!3d47.848088701732465!2m3!1f0!2f0!3f0!3m2!1i1024!2i768!4f13.1!4m6!3e0!4m0!4m3!3m2!1d47.848535999999996!2d10.298062999999999!5e1!3m2!1sde!2sde!4v1490305036131\" frameborder=\"0\" style=\"border:0\" allowfullscreen><\/iframe><\/div>\n\t\t<\/div><\/div><\/div><div id=\"pgc-927-1-1\"  class=\"panel-grid-cell\" ><div id=\"panel-927-1-1-0\" class=\"so-panel widget widget_text panel-first-child panel-last-child\" data-index=\"2\" ><div style=\"text-align: left;\" data-title-color=\"#121212\" data-headings-color=\"#121212\" class=\"panel-widget-style panel-widget-style-for-927-1-1-0\" >\t\t\t<div class=\"textwidget\">Schrattenbach liegt an der A7 zwischen Memmingen und Kempten. \n<br>\nGeographische Koordinaten (GPS): \nBreite= 47.8485360 Nord \nL\u00e4nge= 10.2980630 Ost\n<br>\n<br>\nBlickt man von der Rastst\u00e4tte \u201eAllg\u00e4uer Tor\u201c aus in Richtung Osten, sieht man unsere Kante in ca. 1,5 km Entfernung. \nDie Anfahrt erfolgt von Norden aus \u00fcber die Anschlussstelle Bad Gr\u00f6nenbach, von S\u00fcden \u00fcber die Autobahnausfahrt Dietmannsried.<\/div>\n\t\t<\/div><\/div><\/div><\/div><\/div><div id=\"pg-927-2\"  class=\"panel-grid panel-has-style\" ><div style=\"padding: 0px 0; \" data-overlay=\"true\" data-overlay-color=\"#000000\" class=\"panel-row-style panel-row-style-for-927-2\" ><div id=\"pgc-927-2-0\"  class=\"panel-grid-cell\" ><div id=\"panel-927-2-0-0\" class=\"so-panel widget widget_text panel-first-child panel-last-child\" data-index=\"3\" ><div style=\"text-align: left;\" data-title-color=\"#121212\" data-headings-color=\"#121212\" class=\"panel-widget-style panel-widget-style-for-927-2-0-0\" >\t\t\t<div class=\"textwidget\"><h4 id=\"Parken\">Parkm\u00f6glichkeiten<\/h4>\n<br>\nUnser Parkplatz befindet sich direkt am Start- bzw. Landeplatz. Au\u00dferhalb der eingezeichneten Fl\u00e4che ist das Parken verboten. Trotz Erweiterung ist die Parkkapazit\u00e4t sehr knapp, deshalb nimm bitte beim Einparken R\u00fccksicht auf die nach dir kommenden Fliegerkollegen und parke m\u00f6glichst platzsparend.\n<br>\n<br>\nWeitere Parkm\u00f6glichkeiten findest du am Kreisverkehr nach der Anschlussstelle Dietmannsried oder bei den Windr\u00e4dern.<\/div>\n\t\t<\/div><\/div><\/div><\/div><\/div><div id=\"pg-927-3\"  class=\"panel-grid panel-has-style\" ><div style=\"padding: 0px 0; \" data-overlay=\"true\" data-overlay-color=\"#000000\" class=\"panel-row-style panel-row-style-for-927-3\" ><div id=\"pgc-927-3-0\"  class=\"panel-grid-cell\" ><div id=\"panel-927-3-0-0\" class=\"so-panel widget widget_text panel-first-child panel-last-child\" data-index=\"4\" ><div style=\"text-align: left;\" data-title-color=\"#121212\" data-headings-color=\"#121212\" class=\"panel-widget-style panel-widget-style-for-927-3-0-0\" >\t\t\t<div class=\"textwidget\"><p><small>Absolutes Parkverbot im rot markierten Bereich:<\/small><\/p>\n<img src=\"http:\/\/wordpress.schrattenbachflieger.de\/wp-content\/uploads\/2017\/04\/Schrattenbachflieger_Parken_Map.jpg\" alt=\"Foto mit eingezeichnetem Parkbereich\"><\/div>\n\t\t<\/div><\/div><\/div><div id=\"pgc-927-3-1\"  class=\"panel-grid-cell panel-grid-cell-mobile-last\" ><div id=\"panel-927-3-1-0\" class=\"so-panel widget widget_text panel-first-child panel-last-child\" data-index=\"5\" ><div style=\"text-align: left;\" data-title-color=\"#121212\" data-headings-color=\"#121212\" class=\"panel-widget-style panel-widget-style-for-927-3-1-0\" >\t\t\t<div class=\"textwidget\"><p><small>Beidseitig platzsparend und schr\u00e4g nebeneinander parken:<\/small><\/p>\n<img src=\"http:\/\/wordpress.schrattenbachflieger.de\/wp-content\/uploads\/2017\/03\/Schrattenbachflieger_Parken-1.gif\" alt=\"Foto mit beispielhafter Parkordnung\"><\/div>\n\t\t<\/div><\/div><\/div><div id=\"pgc-927-3-2\"  class=\"panel-grid-cell panel-grid-cell-empty\" ><\/div><\/div><\/div><\/div>","protected":false},"excerpt":{"rendered":"<p>Schrattenbach liegt an der A7 zwischen Memmingen und Kempten. Geographische Koordinaten (GPS): Breite= 47.8485360 Nord L\u00e4nge= 10.2980630 Ost Blickt man von der Rastst\u00e4tte \u201eAllg\u00e4uer Tor\u201c aus in Richtung Osten, sieht man unsere Kante in ca. [&hellip;]<\/p>\n","protected":false},"author":1,"featured_media":0,"parent":592,"menu_order":0,"comment_status":"closed","ping_status":"closed","template":"page-templates\/page_front-page.php","meta":[],"_links":{"self":[{"href":"http:\/\/www.schrattenbachflieger.de\/index.php?rest_route=\/wp\/v2\/pages\/927"}],"collection":[{"href":"http:\/\/www.schrattenbachflieger.de\/index.php?rest_route=\/wp\/v2\/pages"}],"about":[{"href":"http:\/\/www.schrattenbachflieger.de\/index.php?rest_route=\/wp\/v2\/types\/page"}],"author":[{"embeddable":true,"href":"http:\/\/www.schrattenbachflieger.de\/index.php?rest_route=\/wp\/v2\/users\/1"}],"replies":[{"embeddable":true,"href":"http:\/\/www.schrattenbachflieger.de\/index.php?rest_route=%2Fwp%2Fv2%2Fcomments&post=927"}],"version-history":[{"count":31,"href":"http:\/\/www.schrattenbachflieger.de\/index.php?rest_route=\/wp\/v2\/pages\/927\/revisions"}],"predecessor-version":[{"id":1093,"href":"http:\/\/www.schrattenbachflieger.de\/index.php?rest_route=\/wp\/v2\/pages\/927\/revisions\/1093"}],"up":[{"embeddable":true,"href":"http:\/\/www.schrattenbachflieger.de\/index.php?rest_route=\/wp\/v2\/pages\/592"}],"wp:attachment":[{"href":"http:\/\/www.schrattenbachflieger.de\/index.php?rest_route=%2Fwp%2Fv2%2Fmedia&parent=927"}],"curies":[{"name":"wp","href":"https:\/\/api.w.org\/{rel}","templated":true}]}}