{"id":953,"date":"2017-03-23T20:03:14","date_gmt":"2017-03-23T20:03:14","guid":{"rendered":"http:\/\/wordpress.schrattenbachflieger.de\/?page_id=953"},"modified":"2017-06-06T20:47:49","modified_gmt":"2017-06-06T20:47:49","slug":"rund-ums-fliegen","status":"publish","type":"page","link":"http:\/\/www.schrattenbachflieger.de\/?page_id=953","title":{"rendered":"Rund ums Fliegen"},"content":{"rendered":"<div id=\"pl-953\"  class=\"panel-layout\" ><div id=\"pg-953-0\"  class=\"panel-grid panel-has-style\" ><div style=\"padding: 100px 0; \" data-overlay=\"true\" class=\"panel-row-style panel-row-style-for-953-0\" ><div id=\"pgc-953-0-0\"  class=\"panel-grid-cell\" ><div id=\"panel-953-0-0-0\" class=\"so-panel widget widget_text panel-first-child\" data-index=\"0\" ><div style=\"text-align: left;\" data-title-color=\"#121212\" data-headings-color=\"#121212\" class=\"panel-widget-style panel-widget-style-for-953-0-0-0\" ><h3 class=\"widget-title\">Rund ums Fliegen<\/h3>\t\t\t<div class=\"textwidget\">Hier versuchen wir f\u00fcr Piloten interessante externe Internetseiten zur Verf\u00fcgung zu stellen.\nAuch an dieser Stelle gilt:\nWenn Ihr interessante Dinge findet, die Ihr gerne dort wiederfinden m\u00f6chtet, schreibt einfach eine Email an <a href=\"mailto:info@schrattenbachflieger.de\" title=\"E-Mail schreiben\">info@schrattenbachflieger.de<\/a>.\nWir pr\u00fcfen das dann.\n<br>\n<br>\n<a class=\"roll-button button-link\" href=\"https:\/\/www.dhv.de\/\" title=\"Zum DHV gehen\" target=\"_blank\" rel=\"noopener\"><i class=\"fa fa-paper-plane\" aria-hidden=\"true\"><\/i> Deutscher H\u00e4ngegleiterverband<\/a>\n<a class=\"roll-button button-link\" href=\"http:\/\/lu-glidz.blogspot.de\/\" title=\"Zum Blog lu-glidz gehen\" target=\"_blank\" rel=\"noopener\"><i class=\"fa fa-file-text-o\" aria-hidden=\"true\"><\/i> Lu-Glidz<\/a>\n<a class=\"roll-button button-link\" href=\"http:\/\/de.free.aero\/\" title=\"freies Magazin f\u00fcr Gleitschirmflieger\" target=\"_blank\" rel=\"noopener\"><i class=\"fa fa-file-text-o\" aria-hidden=\"true\"><\/i> freies Magazin f\u00fcr Gleitschirmflieger<\/a>\n<\/div>\n\t\t<\/div><\/div><div id=\"panel-953-0-0-1\" class=\"so-panel widget widget_rss\" data-index=\"1\" ><div class=\"rss-feed-page panel-widget-style panel-widget-style-for-953-0-0-1\" style=\"text-align: left;\" data-title-color=\"#121212\" data-headings-color=\"#121212\" ><h3 class=\"widget-title\"><a class=\"rsswidget\" href=\"http:\/\/www.dhv.de\/rss\/safetynotes_de.xml\"><img class=\"rss-widget-icon\" style=\"border:0\" width=\"14\" height=\"14\" src=\"http:\/\/www.schrattenbachflieger.de\/wp-includes\/images\/rss.png\" alt=\"RSS\" \/><\/a> <a class=\"rsswidget\" href=\"https:\/\/www.dhv.de\/\">Sicherheitsmitteilungen<\/a><\/h3><ul><li><a class='rsswidget' href='https:\/\/service.dhv.de\/db1\/technicdatareportnotes.php?lang=de&#038;item=334'>Sicherheitsmitteilung: Rettungsger\u00e4te Woody Valley \/ Quadro 100, Musterpr\u00fcfnummer EP 239.218,\r\nQuadro 120, Musterpr\u00fcfnummer EP 329.221,\r\nQuadro 140, Musterpr\u00fcfnummer EP 253.2019,\r\nQuadro 220, Musterpr\u00fcfnummer  EP 297.2020,<\/a> <span class=\"rss-date\">April 14, 2026<\/span><\/li><li><a class='rsswidget' href='https:\/\/service.dhv.de\/db1\/technicdatareportnotes.php?lang=de&#038;item=333'>Sicherheitsmitteilung: Ozone Gurtzeug F*Race 2<\/a> <span class=\"rss-date\">September 16, 2025<\/span><\/li><li><a class='rsswidget' href='https:\/\/service.dhv.de\/db1\/technicdatareportnotes.php?lang=de&#038;item=332'>Sicherheitsmitteilung: Produkt-R\u00fcckruf f\u00fcr Frontcontainer-Rettergriff<\/a> <span class=\"rss-date\">Juli 20, 2025<\/span><\/li><li><a class='rsswidget' href='https:\/\/service.dhv.de\/db1\/technicdatareportnotes.php?lang=de&#038;item=331'>Sicherheitsmitteilung: ICARO Tandemspreize<\/a> <span class=\"rss-date\">Juni 29, 2025<\/span><\/li><li><a class='rsswidget' href='https:\/\/service.dhv.de\/db1\/technicdatareportnotes.php?lang=de&#038;item=330'>Sicherheitsmitteilung: Finsterwalder Paralock 3<\/a> <span class=\"rss-date\">April 27, 2025<\/span><\/li><li><a class='rsswidget' href='https:\/\/service.dhv.de\/db1\/technicdatareportnotes.php?lang=de&#038;item=328'>Warnung: Gurtzeuge Niviuk Arrow und Niviuk Arrow P   Musterpr\u00fcfnummern (soweit nachvollziehbar): PH_317.2020, PH_407.2023<\/a> <span class=\"rss-date\">M\u00e4rz 9, 2025<\/span><\/li><\/ul><\/div><\/div><div id=\"panel-953-0-0-2\" class=\"so-panel widget widget_text panel-last-child\" data-index=\"2\" ><div style=\"text-align: left;\" data-title-color=\"#121212\" data-headings-color=\"#121212\" class=\"panel-widget-style panel-widget-style-for-953-0-0-2\" >\t\t\t<div class=\"textwidget\">Eine \u00dcbersicht aller Sicherheitsmitteilungen findest du auf der <a href=\"https:\/\/www.dhv.de\/web\/piloteninfos\/sicherheit-und-technik\/sicherheit\/sicherheitsmitteilungen\/jahr\/2017\/\" title=\"Sicherheitsmitteilungen vom DHV lesen\" target=\"_blank\" rel=\"noopener\">Website vom DHV <i class=\"fa fa-external-link\" aria-hidden=\"true\"><\/i><\/a> !\n<\/div>\n\t\t<\/div><\/div><\/div><\/div><\/div><\/div>","protected":false},"excerpt":{"rendered":"<p>Hier versuchen wir f\u00fcr Piloten interessante externe Internetseiten zur Verf\u00fcgung zu stellen. Auch an dieser Stelle gilt: Wenn Ihr interessante Dinge findet, die Ihr gerne dort wiederfinden m\u00f6chtet, schreibt einfach eine Email an info@schrattenbachflieger.de. Wir [&hellip;]<\/p>\n","protected":false},"author":1,"featured_media":0,"parent":0,"menu_order":0,"comment_status":"closed","ping_status":"closed","template":"page-templates\/page_front-page.php","meta":[],"_links":{"self":[{"href":"http:\/\/www.schrattenbachflieger.de\/index.php?rest_route=\/wp\/v2\/pages\/953"}],"collection":[{"href":"http:\/\/www.schrattenbachflieger.de\/index.php?rest_route=\/wp\/v2\/pages"}],"about":[{"href":"http:\/\/www.schrattenbachflieger.de\/index.php?rest_route=\/wp\/v2\/types\/page"}],"author":[{"embeddable":true,"href":"http:\/\/www.schrattenbachflieger.de\/index.php?rest_route=\/wp\/v2\/users\/1"}],"replies":[{"embeddable":true,"href":"http:\/\/www.schrattenbachflieger.de\/index.php?rest_route=%2Fwp%2Fv2%2Fcomments&post=953"}],"version-history":[{"count":22,"href":"http:\/\/www.schrattenbachflieger.de\/index.php?rest_route=\/wp\/v2\/pages\/953\/revisions"}],"predecessor-version":[{"id":1207,"href":"http:\/\/www.schrattenbachflieger.de\/index.php?rest_route=\/wp\/v2\/pages\/953\/revisions\/1207"}],"wp:attachment":[{"href":"http:\/\/www.schrattenbachflieger.de\/index.php?rest_route=%2Fwp%2Fv2%2Fmedia&parent=953"}],"curies":[{"name":"wp","href":"https:\/\/api.w.org\/{rel}","templated":true}]}}